{"id":418,"date":"2026-01-20T20:28:20","date_gmt":"2026-01-20T20:28:20","guid":{"rendered":"https:\/\/shop.lasora.ch\/?post_type=product&#038;p=418"},"modified":"2026-01-21T20:05:27","modified_gmt":"2026-01-21T20:05:27","slug":"osterkerze","status":"publish","type":"product","link":"https:\/\/shop.lasora.ch\/?product=osterkerze","title":{"rendered":"Osterkerze"},"content":{"rendered":"<p>Sch\u00f6ne Kerze (ohne Duft) mit Osterhase.<br \/>\nDie perfekte Kerze f\u00fcr Ostern als Deko und Geschenk ! Brenndauer ca. 105 Stunden<\/p>\n<p>Gr\u00f6\u00dfe:<br \/>\nH\u00f6he : ca. 14 cm<br \/>\nBreite : ca. 6 cm<\/p>\n<p>Info: Da jede Kerze handgefertigt wird, sind kleine Unebenheiten oder kleine Farbunterschiede nicht auszuschlie\u00dfen. Jede Kerze ist ein Unikat.<\/p>\n<p>KERZENPFLEGE \/ SICHERHEITSHINWEISE<br \/>\nWichtige Warn- und Sicherheitshinweise<br \/>\n\u26a0\ufe0f Diese Kerze dient in erster Linie dekorativen Zwecken. Falls du sie dennoch anz\u00fcnden m\u00f6chtest, beachte unbedingt die folgenden Sicherheitsma\u00dfnahmen:<br \/>\n\u2022 Eine brennende Kerze nie ohne Aufsicht lassen!<br \/>\n\u2022 Eine brennende Kerze von entz\u00fcndlichen Gegenst\u00e4nden und W\u00e4rmequellen fernhalten!<br \/>\n\u2022 Achte auf ausreichenden Abstand zwischen brennenden Kerzen!<br \/>\n\u2022 Die Kerze nicht in Zugluft brennen!<br \/>\n\u2022 Platziere die Kerze immer aufrecht!<br \/>\n\u2022 L\u00f6sche die Flamme durch Ersticken \u2013 nicht durch Ausblasen!<br \/>\n\u2022 Eine brennende Kerze nicht bewegen!<br \/>\n\u2022 Verwende niemals Fl\u00fcssigkeiten zum L\u00f6schen!<br \/>\n\u2022 Halte die Kerze au\u00dferhalb der Reichweite von Kindern und Tieren!<\/p>\n","protected":false},"excerpt":{"rendered":"<p>Osterkerze mit Hase<\/p>\n","protected":false},"featured_media":404,"comment_status":"open","ping_status":"closed","template":"","meta":{"site-sidebar-layout":"default","site-content-layout":"","ast-site-content-layout":"default","site-content-style":"default","site-sidebar-style":"default","ast-global-header-display":"","ast-banner-title-visibility":"","ast-main-header-display":"","ast-hfb-above-header-display":"","ast-hfb-below-header-display":"","ast-hfb-mobile-header-display":"","site-post-title":"","ast-breadcrumbs-content":"","ast-featured-img":"","footer-sml-layout":"","ast-disable-related-posts":"","theme-transparent-header-meta":"default","adv-header-id-meta":"","stick-header-meta":"default","header-above-stick-meta":"","header-main-stick-meta":"","header-below-stick-meta":"","astra-migrate-meta-layouts":"set","ast-page-background-enabled":"default","ast-page-background-meta":{"desktop":{"background-color":"var(--ast-global-color-5)","background-image":"","background-repeat":"repeat","background-position":"center center","background-size":"auto","background-attachment":"scroll","background-type":"","background-media":"","overlay-type":"","overlay-color":"","overlay-opacity":"","overlay-gradient":""},"tablet":{"background-color":"","background-image":"","background-repeat":"repeat","background-position":"center center","background-size":"auto","background-attachment":"scroll","background-type":"","background-media":"","overlay-type":"","overlay-color":"","overlay-opacity":"","overlay-gradient":""},"mobile":{"background-color":"","background-image":"","background-repeat":"repeat","background-position":"center center","background-size":"auto","background-attachment":"scroll","background-type":"","background-media":"","overlay-type":"","overlay-color":"","overlay-opacity":"","overlay-gradient":""}},"ast-content-background-meta":{"desktop":{"background-color":"var(--ast-global-color-4)","background-image":"","background-repeat":"repeat","background-position":"center center","background-size":"auto","background-attachment":"scroll","background-type":"","background-media":"","overlay-type":"","overlay-color":"","overlay-opacity":"","overlay-gradient":""},"tablet":{"background-color":"var(--ast-global-color-4)","background-image":"","background-repeat":"repeat","background-position":"center center","background-size":"auto","background-attachment":"scroll","background-type":"","background-media":"","overlay-type":"","overlay-color":"","overlay-opacity":"","overlay-gradient":""},"mobile":{"background-color":"var(--ast-global-color-4)","background-image":"","background-repeat":"repeat","background-position":"center center","background-size":"auto","background-attachment":"scroll","background-type":"","background-media":"","overlay-type":"","overlay-color":"","overlay-opacity":"","overlay-gradient":""}},"advanced_seo_description":"","jetpack_seo_html_title":"","jetpack_seo_noindex":false},"product_brand":[],"product_cat":[47,21],"product_tag":[],"class_list":{"0":"post-418","1":"product","2":"type-product","3":"status-publish","4":"has-post-thumbnail","6":"product_cat-ostern","7":"product_cat-unkategorisiert","8":"product_shipping_class-paket","9":"desktop-align-left","10":"tablet-align-left","11":"mobile-align-left","13":"first","14":"instock","15":"shipping-taxable","16":"purchasable","17":"product-type-variable"},"jetpack_sharing_enabled":true,"_links":{"self":[{"href":"https:\/\/shop.lasora.ch\/index.php?rest_route=\/wp\/v2\/product\/418","targetHints":{"allow":["GET"]}}],"collection":[{"href":"https:\/\/shop.lasora.ch\/index.php?rest_route=\/wp\/v2\/product"}],"about":[{"href":"https:\/\/shop.lasora.ch\/index.php?rest_route=\/wp\/v2\/types\/product"}],"replies":[{"embeddable":true,"href":"https:\/\/shop.lasora.ch\/index.php?rest_route=%2Fwp%2Fv2%2Fcomments&post=418"}],"wp:featuredmedia":[{"embeddable":true,"href":"https:\/\/shop.lasora.ch\/index.php?rest_route=\/wp\/v2\/media\/404"}],"wp:attachment":[{"href":"https:\/\/shop.lasora.ch\/index.php?rest_route=%2Fwp%2Fv2%2Fmedia&parent=418"}],"wp:term":[{"taxonomy":"product_brand","embeddable":true,"href":"https:\/\/shop.lasora.ch\/index.php?rest_route=%2Fwp%2Fv2%2Fproduct_brand&post=418"},{"taxonomy":"product_cat","embeddable":true,"href":"https:\/\/shop.lasora.ch\/index.php?rest_route=%2Fwp%2Fv2%2Fproduct_cat&post=418"},{"taxonomy":"product_tag","embeddable":true,"href":"https:\/\/shop.lasora.ch\/index.php?rest_route=%2Fwp%2Fv2%2Fproduct_tag&post=418"}],"curies":[{"name":"wp","href":"https:\/\/api.w.org\/{rel}","templated":true}]}}